{"id":5,"date":"2018-06-11T22:32:53","date_gmt":"2018-06-11T22:32:53","guid":{"rendered":"http:\/\/www.islandnumeracy.ca\/?page_id=5"},"modified":"2024-05-31T20:15:20","modified_gmt":"2024-05-31T20:15:20","slug":"home","status":"publish","type":"page","link":"https:\/\/www.islandnumeracy.ca\/","title":{"rendered":""},"content":{"rendered":"<p><img loading=\"lazy\" decoding=\"async\" class=\"wp-image-1002 alignright\" src=\"https:\/\/www.islandnumeracy.ca\/wp-content\/uploads\/2024\/05\/Island-Numeracy-partners-Logo.png\" alt=\"\" width=\"490\" height=\"430\" srcset=\"https:\/\/www.islandnumeracy.ca\/wp-content\/uploads\/2024\/05\/Island-Numeracy-partners-Logo.png 890w, https:\/\/www.islandnumeracy.ca\/wp-content\/uploads\/2024\/05\/Island-Numeracy-partners-Logo-300x263.png 300w, https:\/\/www.islandnumeracy.ca\/wp-content\/uploads\/2024\/05\/Island-Numeracy-partners-Logo-768x674.png 768w\" sizes=\"auto, (max-width: 490px) 100vw, 490px\" \/><\/p>\n<p>The Island Numeracy Network (INN) is a passionate group of K-12 educators from numerous districts and schools in the Vancouver Island region. Our group meets four to five times each year in various Island locations where we share our experiences, initiatives and goals for transforming mathematics teaching and learning. We also undertake projects each year to nurture our own professional development and to share with BC teachers.<\/p>\n<p>Our current project is an update of the old \u201cDiagnostic Math Assessment\u201d we produced several years ago to create a new Island Numeracy Assessment (INA). This new assessment was developed to align numeracy assessment practices with current numeracy learning expectations of BC students. To find out more and access the assessment for your classroom, school, or district, please visit our <strong><a href=\"http:\/\/www.islandnumeracy.ca\/index.php\/ina-home\/\">INA Assessments Home Page<\/a><\/strong>.<\/p>\n<p><span style=\"background-color: #ffff00;\">Les fiches d&#8217;\u00e9l\u00e8ve sont pr\u00eates! Merci aux \u00e9quipes de traduction des conseils scolaires Nanaimo\/Ladysmith, CSF du Yukon et Comox Valley.<\/span><\/p>\n<h4><img loading=\"lazy\" decoding=\"async\" class=\"wp-image-468 alignleft\" src=\"http:\/\/www.islandnumeracy.ca\/wp-content\/uploads\/2018\/09\/Screen-Shot-2018-09-07-at-10.16.17-AM.png\" alt=\"\" width=\"552\" height=\"303\" srcset=\"https:\/\/www.islandnumeracy.ca\/wp-content\/uploads\/2018\/09\/Screen-Shot-2018-09-07-at-10.16.17-AM.png 662w, https:\/\/www.islandnumeracy.ca\/wp-content\/uploads\/2018\/09\/Screen-Shot-2018-09-07-at-10.16.17-AM-300x165.png 300w\" sizes=\"auto, (max-width: 552px) 100vw, 552px\" \/><\/h4>\n","protected":false},"excerpt":{"rendered":"<p>The Island Numeracy Network (INN) is a passionate group of K-12 educators from numerous districts and schools in the Vancouver Island region. Our group meets&#8230;<\/p>\n","protected":false},"author":1,"featured_media":0,"parent":0,"menu_order":0,"comment_status":"closed","ping_status":"closed","template":"","meta":{"footnotes":""},"class_list":["post-5","page","type-page","status-publish","hentry"],"_links":{"self":[{"href":"https:\/\/www.islandnumeracy.ca\/index.php\/wp-json\/wp\/v2\/pages\/5","targetHints":{"allow":["GET"]}}],"collection":[{"href":"https:\/\/www.islandnumeracy.ca\/index.php\/wp-json\/wp\/v2\/pages"}],"about":[{"href":"https:\/\/www.islandnumeracy.ca\/index.php\/wp-json\/wp\/v2\/types\/page"}],"author":[{"embeddable":true,"href":"https:\/\/www.islandnumeracy.ca\/index.php\/wp-json\/wp\/v2\/users\/1"}],"replies":[{"embeddable":true,"href":"https:\/\/www.islandnumeracy.ca\/index.php\/wp-json\/wp\/v2\/comments?post=5"}],"version-history":[{"count":52,"href":"https:\/\/www.islandnumeracy.ca\/index.php\/wp-json\/wp\/v2\/pages\/5\/revisions"}],"predecessor-version":[{"id":1004,"href":"https:\/\/www.islandnumeracy.ca\/index.php\/wp-json\/wp\/v2\/pages\/5\/revisions\/1004"}],"wp:attachment":[{"href":"https:\/\/www.islandnumeracy.ca\/index.php\/wp-json\/wp\/v2\/media?parent=5"}],"curies":[{"name":"wp","href":"https:\/\/api.w.org\/{rel}","templated":true}]}}